{"id":4,"date":"2015-03-08T21:32:31","date_gmt":"2015-03-08T21:32:31","guid":{"rendered":"http:\/\/kfk.fi.ut.ee\/?page_id=4"},"modified":"2016-08-23T07:13:08","modified_gmt":"2016-08-23T07:13:08","slug":"kes-me-oleme","status":"publish","type":"page","link":"http:\/\/kfk.fi.ut.ee\/?page_id=4","title":{"rendered":"Kontakt"},"content":{"rendered":"<p>T\u00dc koolif\u00fc\u00fcsika keskus<br \/>\nTartu, W. Ostwaldi tn. 1, 50411<br \/>\nkaido.reivelt@ut.ee<\/p>\n<p>Kaido Reivelt, KFK juhataja, optika vanemteadur, PhD (optika ja spektroskoopia)<br \/>\nkaido.reivelt@ut.ee , Tel. 7 374 623, ruum B108<\/p>\n<p>Svetlana Ganina, f\u00fc\u00fcsika didaktika lektor (0,5 kohta), PhD (f\u00fc\u00fcsikaharidus),<br \/>\nsvetlana.ganina@ut.ee , Tel. 7 375 515, ruum B111<\/p>\n<p>Kristel Uiboupin, f\u00fc\u00fcsika didaktika assistent, MA (f\u00fc\u00fcsika\u00f5petaja),<br \/>\nkristel.uiboupin@ut.ee , Tel. 7 375 515, ruum B111<\/p>\n<p>Kadri Veende, f\u00fc\u00fcsika didaktika assistent (0,5 kohta), MSc (teoreetiline f\u00fc\u00fcsika),<br \/>\nkadri.veende@ut.ee , Tel. 7 375 515, ruum B111<\/p>\n<p>Henn Voolaid, emeriitdotsent, knd (f\u00fc\u00fcs-mat)<br \/>\nhenn.voolaid@ut.ee , Tel. 7 375 542, ruum B109<\/p>\n","protected":false},"excerpt":{"rendered":"<p>T\u00dc koolif\u00fc\u00fcsika keskus Tartu, W. Ostwaldi tn. 1, 50411 kaido.reivelt@ut.ee Kaido Reivelt, KFK juhataja, optika vanemteadur, PhD (optika ja spektroskoopia) kaido.reivelt@ut.ee , Tel. 7 374 623, ruum B108 Svetlana Ganina, f\u00fc\u00fcsika didaktika lektor (0,5 kohta), PhD (f\u00fc\u00fcsikaharidus), svetlana.ganina@ut.ee , Tel. 7 375 515, ruum B111 Kristel Uiboupin, f\u00fc\u00fcsika didaktika assistent, MA (f\u00fc\u00fcsika\u00f5petaja), kristel.uiboupin@ut.ee , Tel. &hellip; <\/p>\n<p class=\"link-more\"><a href=\"http:\/\/kfk.fi.ut.ee\/?page_id=4\" class=\"more-link\">Continue reading<span class=\"screen-reader-text\"> &#8220;Kontakt&#8221;<\/span><\/a><\/p>\n","protected":false},"author":1,"featured_media":0,"parent":0,"menu_order":0,"comment_status":"open","ping_status":"open","template":"","meta":{"footnotes":""},"class_list":["post-4","page","type-page","status-publish","hentry"],"_links":{"self":[{"href":"http:\/\/kfk.fi.ut.ee\/index.php?rest_route=\/wp\/v2\/pages\/4","targetHints":{"allow":["GET"]}}],"collection":[{"href":"http:\/\/kfk.fi.ut.ee\/index.php?rest_route=\/wp\/v2\/pages"}],"about":[{"href":"http:\/\/kfk.fi.ut.ee\/index.php?rest_route=\/wp\/v2\/types\/page"}],"author":[{"embeddable":true,"href":"http:\/\/kfk.fi.ut.ee\/index.php?rest_route=\/wp\/v2\/users\/1"}],"replies":[{"embeddable":true,"href":"http:\/\/kfk.fi.ut.ee\/index.php?rest_route=%2Fwp%2Fv2%2Fcomments&post=4"}],"version-history":[{"count":5,"href":"http:\/\/kfk.fi.ut.ee\/index.php?rest_route=\/wp\/v2\/pages\/4\/revisions"}],"predecessor-version":[{"id":183,"href":"http:\/\/kfk.fi.ut.ee\/index.php?rest_route=\/wp\/v2\/pages\/4\/revisions\/183"}],"wp:attachment":[{"href":"http:\/\/kfk.fi.ut.ee\/index.php?rest_route=%2Fwp%2Fv2%2Fmedia&parent=4"}],"curies":[{"name":"wp","href":"https:\/\/api.w.org\/{rel}","templated":true}]}}